{"id":1084,"date":"2021-11-30T18:09:11","date_gmt":"2021-11-30T18:09:11","guid":{"rendered":"https:\/\/dlpbabogados.com\/?page_id=1084"},"modified":"2022-10-13T10:37:30","modified_gmt":"2022-10-13T10:37:30","slug":"adela","status":"publish","type":"page","link":"https:\/\/dlpbabogados.com\/en\/adela\/","title":{"rendered":"Adela de la Pe\u00f1a Bethencourt"},"content":{"rendered":"\t\t<div data-elementor-type=\"wp-page\" data-elementor-id=\"1084\" class=\"elementor elementor-1084\" data-elementor-post-type=\"page\">\n\t\t\t\t\t\t<section class=\"elementor-section elementor-top-section elementor-element elementor-element-66f4e6f elementor-section-boxed elementor-section-height-default elementor-section-height-default\" data-id=\"66f4e6f\" data-element_type=\"section\">\n\t\t\t\t\t\t<div class=\"elementor-container elementor-column-gap-default\">\n\t\t\t\t\t<div class=\"elementor-column elementor-col-100 elementor-top-column elementor-element elementor-element-e784339\" data-id=\"e784339\" data-element_type=\"column\">\n\t\t\t<div class=\"elementor-widget-wrap elementor-element-populated\">\n\t\t\t\t\t\t<section class=\"elementor-section elementor-inner-section elementor-element elementor-element-896cf2b elementor-section-boxed elementor-section-height-default elementor-section-height-default\" data-id=\"896cf2b\" data-element_type=\"section\">\n\t\t\t\t\t\t<div class=\"elementor-container elementor-column-gap-default\">\n\t\t\t\t\t<div class=\"elementor-column elementor-col-50 elementor-inner-column elementor-element elementor-element-f9e5aca\" data-id=\"f9e5aca\" data-element_type=\"column\">\n\t\t\t<div class=\"elementor-widget-wrap elementor-element-populated\">\n\t\t\t\t\t\t<div class=\"elementor-element elementor-element-2109fcb elementor-widget elementor-widget-image\" data-id=\"2109fcb\" data-element_type=\"widget\" data-widget_type=\"image.default\">\n\t\t\t\t<div class=\"elementor-widget-container\">\n\t\t\t<style>\/*! elementor - v3.19.0 - 05-02-2024 *\/\n.elementor-widget-image{text-align:center}.elementor-widget-image a{display:inline-block}.elementor-widget-image a img[src$=\".svg\"]{width:48px}.elementor-widget-image img{vertical-align:middle;display:inline-block}<\/style>\t\t\t\t\t\t\t\t\t\t<img fetchpriority=\"high\" decoding=\"async\" width=\"493\" height=\"433\" src=\"https:\/\/dlpbabogados.com\/wp-content\/uploads\/2022\/02\/adela.jpg\" class=\"attachment-large size-large wp-image-2232\" alt=\"\" srcset=\"https:\/\/dlpbabogados.com\/wp-content\/uploads\/2022\/02\/adela.jpg 493w, https:\/\/dlpbabogados.com\/wp-content\/uploads\/2022\/02\/adela-300x263.jpg 300w, https:\/\/dlpbabogados.com\/wp-content\/uploads\/2022\/02\/adela-14x12.jpg 14w, https:\/\/dlpbabogados.com\/wp-content\/uploads\/2022\/02\/adela-24x21.jpg 24w, https:\/\/dlpbabogados.com\/wp-content\/uploads\/2022\/02\/adela-36x32.jpg 36w, https:\/\/dlpbabogados.com\/wp-content\/uploads\/2022\/02\/adela-48x42.jpg 48w\" sizes=\"(max-width: 493px) 100vw, 493px\" style=\"width:100%;height:87.83%;max-width:493px\" \/>\t\t\t\t\t\t\t\t\t\t\t\t\t<\/div>\n\t\t\t\t<\/div>\n\t\t\t\t\t<\/div>\n\t\t<\/div>\n\t\t\t\t<div class=\"elementor-column elementor-col-50 elementor-inner-column elementor-element elementor-element-c1c2ff6\" data-id=\"c1c2ff6\" data-element_type=\"column\">\n\t\t\t<div class=\"elementor-widget-wrap elementor-element-populated\">\n\t\t\t\t\t\t<div class=\"elementor-element elementor-element-0cf3cba elementor-widget elementor-widget-heading\" data-id=\"0cf3cba\" data-element_type=\"widget\" data-widget_type=\"heading.default\">\n\t\t\t\t<div class=\"elementor-widget-container\">\n\t\t\t<style>\/*! elementor - v3.19.0 - 05-02-2024 *\/\n.elementor-heading-title{padding:0;margin:0;line-height:1}.elementor-widget-heading .elementor-heading-title[class*=elementor-size-]>a{color:inherit;font-size:inherit;line-height:inherit}.elementor-widget-heading .elementor-heading-title.elementor-size-small{font-size:15px}.elementor-widget-heading .elementor-heading-title.elementor-size-medium{font-size:19px}.elementor-widget-heading .elementor-heading-title.elementor-size-large{font-size:29px}.elementor-widget-heading .elementor-heading-title.elementor-size-xl{font-size:39px}.elementor-widget-heading .elementor-heading-title.elementor-size-xxl{font-size:59px}<\/style><h2 class=\"elementor-heading-title elementor-size-default\">Adela de la Pe\u00f1a Bethencourt<\/h2>\t\t<\/div>\n\t\t\t\t<\/div>\n\t\t\t\t<div class=\"elementor-element elementor-element-37f840c elementor-widget elementor-widget-heading\" data-id=\"37f840c\" data-element_type=\"widget\" data-widget_type=\"heading.default\">\n\t\t\t\t<div class=\"elementor-widget-container\">\n\t\t\t<h2 class=\"elementor-heading-title elementor-size-default\">Socia Co-Directora y Responsable del Departamento Fiscal<\/h2>\t\t<\/div>\n\t\t\t\t<\/div>\n\t\t\t\t<div class=\"elementor-element elementor-element-3cae2b5 elementor-widget-divider--view-line elementor-widget elementor-widget-divider\" data-id=\"3cae2b5\" data-element_type=\"widget\" data-widget_type=\"divider.default\">\n\t\t\t\t<div class=\"elementor-widget-container\">\n\t\t\t<style>\/*! elementor - v3.19.0 - 05-02-2024 *\/\n.elementor-widget-divider{--divider-border-style:none;--divider-border-width:1px;--divider-color:#0c0d0e;--divider-icon-size:20px;--divider-element-spacing:10px;--divider-pattern-height:24px;--divider-pattern-size:20px;--divider-pattern-url:none;--divider-pattern-repeat:repeat-x}.elementor-widget-divider .elementor-divider{display:flex}.elementor-widget-divider .elementor-divider__text{font-size:15px;line-height:1;max-width:95%}.elementor-widget-divider .elementor-divider__element{margin:0 var(--divider-element-spacing);flex-shrink:0}.elementor-widget-divider .elementor-icon{font-size:var(--divider-icon-size)}.elementor-widget-divider .elementor-divider-separator{display:flex;margin:0;direction:ltr}.elementor-widget-divider--view-line_icon .elementor-divider-separator,.elementor-widget-divider--view-line_text .elementor-divider-separator{align-items:center}.elementor-widget-divider--view-line_icon .elementor-divider-separator:after,.elementor-widget-divider--view-line_icon .elementor-divider-separator:before,.elementor-widget-divider--view-line_text .elementor-divider-separator:after,.elementor-widget-divider--view-line_text .elementor-divider-separator:before{display:block;content:\"\";border-block-end:0;flex-grow:1;border-block-start:var(--divider-border-width) var(--divider-border-style) var(--divider-color)}.elementor-widget-divider--element-align-left .elementor-divider .elementor-divider-separator>.elementor-divider__svg:first-of-type{flex-grow:0;flex-shrink:100}.elementor-widget-divider--element-align-left .elementor-divider-separator:before{content:none}.elementor-widget-divider--element-align-left .elementor-divider__element{margin-left:0}.elementor-widget-divider--element-align-right .elementor-divider .elementor-divider-separator>.elementor-divider__svg:last-of-type{flex-grow:0;flex-shrink:100}.elementor-widget-divider--element-align-right .elementor-divider-separator:after{content:none}.elementor-widget-divider--element-align-right .elementor-divider__element{margin-right:0}.elementor-widget-divider--element-align-start .elementor-divider .elementor-divider-separator>.elementor-divider__svg:first-of-type{flex-grow:0;flex-shrink:100}.elementor-widget-divider--element-align-start .elementor-divider-separator:before{content:none}.elementor-widget-divider--element-align-start .elementor-divider__element{margin-inline-start:0}.elementor-widget-divider--element-align-end .elementor-divider .elementor-divider-separator>.elementor-divider__svg:last-of-type{flex-grow:0;flex-shrink:100}.elementor-widget-divider--element-align-end .elementor-divider-separator:after{content:none}.elementor-widget-divider--element-align-end .elementor-divider__element{margin-inline-end:0}.elementor-widget-divider:not(.elementor-widget-divider--view-line_text):not(.elementor-widget-divider--view-line_icon) .elementor-divider-separator{border-block-start:var(--divider-border-width) var(--divider-border-style) var(--divider-color)}.elementor-widget-divider--separator-type-pattern{--divider-border-style:none}.elementor-widget-divider--separator-type-pattern.elementor-widget-divider--view-line .elementor-divider-separator,.elementor-widget-divider--separator-type-pattern:not(.elementor-widget-divider--view-line) .elementor-divider-separator:after,.elementor-widget-divider--separator-type-pattern:not(.elementor-widget-divider--view-line) .elementor-divider-separator:before,.elementor-widget-divider--separator-type-pattern:not([class*=elementor-widget-divider--view]) .elementor-divider-separator{width:100%;min-height:var(--divider-pattern-height);-webkit-mask-size:var(--divider-pattern-size) 100%;mask-size:var(--divider-pattern-size) 100%;-webkit-mask-repeat:var(--divider-pattern-repeat);mask-repeat:var(--divider-pattern-repeat);background-color:var(--divider-color);-webkit-mask-image:var(--divider-pattern-url);mask-image:var(--divider-pattern-url)}.elementor-widget-divider--no-spacing{--divider-pattern-size:auto}.elementor-widget-divider--bg-round{--divider-pattern-repeat:round}.rtl .elementor-widget-divider .elementor-divider__text{direction:rtl}.e-con-inner>.elementor-widget-divider,.e-con>.elementor-widget-divider{width:var(--container-widget-width,100%);--flex-grow:var(--container-widget-flex-grow)}<\/style>\t\t<div class=\"elementor-divider\">\n\t\t\t<span class=\"elementor-divider-separator\">\n\t\t\t\t\t\t<\/span>\n\t\t<\/div>\n\t\t\t\t<\/div>\n\t\t\t\t<\/div>\n\t\t\t\t\t<\/div>\n\t\t<\/div>\n\t\t\t\t\t<\/div>\n\t\t<\/section>\n\t\t\t\t<div class=\"elementor-element elementor-element-b8e8a30 elementor-widget elementor-widget-text-editor\" data-id=\"b8e8a30\" data-element_type=\"widget\" data-widget_type=\"text-editor.default\">\n\t\t\t\t<div class=\"elementor-widget-container\">\n\t\t\t<style>\/*! elementor - v3.19.0 - 05-02-2024 *\/\n.elementor-widget-text-editor.elementor-drop-cap-view-stacked .elementor-drop-cap{background-color:#69727d;color:#fff}.elementor-widget-text-editor.elementor-drop-cap-view-framed .elementor-drop-cap{color:#69727d;border:3px solid;background-color:transparent}.elementor-widget-text-editor:not(.elementor-drop-cap-view-default) .elementor-drop-cap{margin-top:8px}.elementor-widget-text-editor:not(.elementor-drop-cap-view-default) .elementor-drop-cap-letter{width:1em;height:1em}.elementor-widget-text-editor .elementor-drop-cap{float:left;text-align:center;line-height:1;font-size:50px}.elementor-widget-text-editor .elementor-drop-cap-letter{display:inline-block}<\/style>\t\t\t\t<p>Adela es uno de los socios fundadores de De la Pe\u00f1a &amp; Bethencourt. Asimismo, es Socia Co-Directora de la Firma y lidera los Departamentos de Derecho Tributario y Procesal.<\/p><p>\u00a0<\/p><p>Tiene aproximadamente 10 a\u00f1os de experiencia asesorando a clientes nacionales e internacionales en todo tipo de asuntos relacionados con impuestos, incluyendo (sin limitaci\u00f3n), Impuesto de Sociedades, IVA, Renta de las Personas F\u00edsicas, Impuesto sobre la Renta de no residentes en Espa\u00f1a o materias de precios de transferencia.<\/p><p>\u00a0<\/p><p>Antes de unirse a la firma, Adela trabaj\u00f3 durante m\u00e1s de 4 a\u00f1os en el Departamento de CTS de KPMG. Al principio de su carrera, Adela tambi\u00e9n trabaj\u00f3 en el Departamento de Impuestos de GTA Villamagna.<\/p><p>\u00a0<\/p><p>Adela es Licenciada en Derecho y Ciencias Pol\u00edticas por la Universidad Carlos III de Madrid y M\u00e1ster en Fiscalidad y Asesor\u00eda Jur\u00eddica en 2012 por el Centro de Estudios Financieros. Tambi\u00e9n participa habitualmente en actividades docentes en materia tributaria en el Centro de Estudios Financieros (CEF).<\/p>\t\t\t\t\t\t<\/div>\n\t\t\t\t<\/div>\n\t\t\t\t<div class=\"elementor-element elementor-element-fb94394 elementor-widget elementor-widget-spacer\" data-id=\"fb94394\" data-element_type=\"widget\" data-widget_type=\"spacer.default\">\n\t\t\t\t<div class=\"elementor-widget-container\">\n\t\t\t<style>\/*! elementor - v3.19.0 - 05-02-2024 *\/\n.elementor-column .elementor-spacer-inner{height:var(--spacer-size)}.e-con{--container-widget-width:100%}.e-con-inner>.elementor-widget-spacer,.e-con>.elementor-widget-spacer{width:var(--container-widget-width,var(--spacer-size));--align-self:var(--container-widget-align-self,initial);--flex-shrink:0}.e-con-inner>.elementor-widget-spacer>.elementor-widget-container,.e-con>.elementor-widget-spacer>.elementor-widget-container{height:100%;width:100%}.e-con-inner>.elementor-widget-spacer>.elementor-widget-container>.elementor-spacer,.e-con>.elementor-widget-spacer>.elementor-widget-container>.elementor-spacer{height:100%}.e-con-inner>.elementor-widget-spacer>.elementor-widget-container>.elementor-spacer>.elementor-spacer-inner,.e-con>.elementor-widget-spacer>.elementor-widget-container>.elementor-spacer>.elementor-spacer-inner{height:var(--container-widget-height,var(--spacer-size))}.e-con-inner>.elementor-widget-spacer.elementor-widget-empty,.e-con>.elementor-widget-spacer.elementor-widget-empty{position:relative;min-height:22px;min-width:22px}.e-con-inner>.elementor-widget-spacer.elementor-widget-empty .elementor-widget-empty-icon,.e-con>.elementor-widget-spacer.elementor-widget-empty .elementor-widget-empty-icon{position:absolute;top:0;bottom:0;left:0;right:0;margin:auto;padding:0;width:22px;height:22px}<\/style>\t\t<div class=\"elementor-spacer\">\n\t\t\t<div class=\"elementor-spacer-inner\"><\/div>\n\t\t<\/div>\n\t\t\t\t<\/div>\n\t\t\t\t<\/div>\n\t\t\t\t\t<\/div>\n\t\t<\/div>\n\t\t\t\t\t<\/div>\n\t\t<\/section>\n\t\t\t\t<\/div>\n\t\t","protected":false},"excerpt":{"rendered":"<p>Adela de la Pe\u00f1a Bethencourt Socia Co-Directora y Responsable del Departamento Fiscal Adela es uno de los socios fundadores de De la Pe\u00f1a &amp; Bethencourt. Asimismo, es Socia Co-Directora de la Firma y lidera los Departamentos de Derecho Tributario y Procesal. Tiene aproximadamente 10 a\u00f1os de experiencia asesorando a clientes nacionales e internacionales en todo&hellip; <a class=\"more-link\" href=\"https:\/\/dlpbabogados.com\/en\/adela\/\">Continue reading <span class=\"screen-reader-text\">Adela de la Pe\u00f1a Bethencourt<\/span><\/a><\/p>","protected":false},"author":2,"featured_media":0,"parent":0,"menu_order":0,"comment_status":"closed","ping_status":"closed","template":"elementor_header_footer","meta":{"footnotes":""},"class_list":["post-1084","page","type-page","status-publish","hentry","entry"],"yoast_head":"<!-- This site is optimized with the Yoast SEO plugin v22.0 - https:\/\/yoast.com\/wordpress\/plugins\/seo\/ -->\n<title>Adela de la Pe\u00f1a Bethencourt - De la Pe\u00f1a &amp; Bethencourt<\/title>\n<meta name=\"robots\" content=\"index, follow, max-snippet:-1, max-image-preview:large, max-video-preview:-1\" \/>\n<link rel=\"canonical\" href=\"https:\/\/dlpbabogados.com\/en\/adela\/\" \/>\n<meta property=\"og:locale\" content=\"en_GB\" \/>\n<meta property=\"og:type\" content=\"article\" \/>\n<meta property=\"og:title\" content=\"Adela de la Pe\u00f1a Bethencourt - De la Pe\u00f1a &amp; Bethencourt\" \/>\n<meta property=\"og:description\" content=\"Adela de la Pe\u00f1a Bethencourt Socia Co-Directora y Responsable del Departamento Fiscal Adela es uno de los socios fundadores de De la Pe\u00f1a &amp; Bethencourt. Asimismo, es Socia Co-Directora de la Firma y lidera los Departamentos de Derecho Tributario y Procesal. Tiene aproximadamente 10 a\u00f1os de experiencia asesorando a clientes nacionales e internacionales en todo&hellip; Continue reading Adela de la Pe\u00f1a Bethencourt\" \/>\n<meta property=\"og:url\" content=\"https:\/\/dlpbabogados.com\/en\/adela\/\" \/>\n<meta property=\"og:site_name\" content=\"De la Pe\u00f1a &amp; Bethencourt\" \/>\n<meta property=\"article:modified_time\" content=\"2022-10-13T10:37:30+00:00\" \/>\n<meta property=\"og:image\" content=\"https:\/\/dlpbabogados.com\/wp-content\/uploads\/2022\/02\/adela.jpg\" \/>\n<meta name=\"twitter:card\" content=\"summary_large_image\" \/>\n<meta name=\"twitter:label1\" content=\"Estimated reading time\" \/>\n\t<meta name=\"twitter:data1\" content=\"1 minute\" \/>\n<script type=\"application\/ld+json\" class=\"yoast-schema-graph\">{\"@context\":\"https:\/\/schema.org\",\"@graph\":[{\"@type\":\"WebPage\",\"@id\":\"https:\/\/dlpbabogados.com\/adela\/\",\"url\":\"https:\/\/dlpbabogados.com\/adela\/\",\"name\":\"Adela de la Pe\u00f1a Bethencourt - De la Pe\u00f1a &amp; Bethencourt\",\"isPartOf\":{\"@id\":\"https:\/\/dlpbabogados.com\/#website\"},\"datePublished\":\"2021-11-30T18:09:11+00:00\",\"dateModified\":\"2022-10-13T10:37:30+00:00\",\"breadcrumb\":{\"@id\":\"https:\/\/dlpbabogados.com\/adela\/#breadcrumb\"},\"inLanguage\":\"en-GB\",\"potentialAction\":[{\"@type\":\"ReadAction\",\"target\":[\"https:\/\/dlpbabogados.com\/adela\/\"]}]},{\"@type\":\"BreadcrumbList\",\"@id\":\"https:\/\/dlpbabogados.com\/adela\/#breadcrumb\",\"itemListElement\":[{\"@type\":\"ListItem\",\"position\":1,\"name\":\"Portada\",\"item\":\"https:\/\/dlpbabogados.com\/\"},{\"@type\":\"ListItem\",\"position\":2,\"name\":\"Adela de la Pe\u00f1a Bethencourt\"}]},{\"@type\":\"WebSite\",\"@id\":\"https:\/\/dlpbabogados.com\/#website\",\"url\":\"https:\/\/dlpbabogados.com\/\",\"name\":\"De la Pe\u00f1a &amp; Bethencourt\",\"description\":\"Despacho de Abogados en Madrid\",\"potentialAction\":[{\"@type\":\"SearchAction\",\"target\":{\"@type\":\"EntryPoint\",\"urlTemplate\":\"https:\/\/dlpbabogados.com\/?s={search_term_string}\"},\"query-input\":\"required name=search_term_string\"}],\"inLanguage\":\"en-GB\"}]}<\/script>\n<!-- \/ Yoast SEO plugin. -->","yoast_head_json":{"title":"Adela de la Pe\u00f1a Bethencourt - De la Pe\u00f1a &amp; Bethencourt","robots":{"index":"index","follow":"follow","max-snippet":"max-snippet:-1","max-image-preview":"max-image-preview:large","max-video-preview":"max-video-preview:-1"},"canonical":"https:\/\/dlpbabogados.com\/en\/adela\/","og_locale":"en_GB","og_type":"article","og_title":"Adela de la Pe\u00f1a Bethencourt - De la Pe\u00f1a &amp; Bethencourt","og_description":"Adela de la Pe\u00f1a Bethencourt Socia Co-Directora y Responsable del Departamento Fiscal Adela es uno de los socios fundadores de De la Pe\u00f1a &amp; Bethencourt. Asimismo, es Socia Co-Directora de la Firma y lidera los Departamentos de Derecho Tributario y Procesal. Tiene aproximadamente 10 a\u00f1os de experiencia asesorando a clientes nacionales e internacionales en todo&hellip; Continue reading Adela de la Pe\u00f1a Bethencourt","og_url":"https:\/\/dlpbabogados.com\/en\/adela\/","og_site_name":"De la Pe\u00f1a &amp; Bethencourt","article_modified_time":"2022-10-13T10:37:30+00:00","og_image":[{"url":"https:\/\/dlpbabogados.com\/wp-content\/uploads\/2022\/02\/adela.jpg"}],"twitter_card":"summary_large_image","twitter_misc":{"Estimated reading time":"1 minute"},"schema":{"@context":"https:\/\/schema.org","@graph":[{"@type":"WebPage","@id":"https:\/\/dlpbabogados.com\/adela\/","url":"https:\/\/dlpbabogados.com\/adela\/","name":"Adela de la Pe\u00f1a Bethencourt - De la Pe\u00f1a &amp; Bethencourt","isPartOf":{"@id":"https:\/\/dlpbabogados.com\/#website"},"datePublished":"2021-11-30T18:09:11+00:00","dateModified":"2022-10-13T10:37:30+00:00","breadcrumb":{"@id":"https:\/\/dlpbabogados.com\/adela\/#breadcrumb"},"inLanguage":"en-GB","potentialAction":[{"@type":"ReadAction","target":["https:\/\/dlpbabogados.com\/adela\/"]}]},{"@type":"BreadcrumbList","@id":"https:\/\/dlpbabogados.com\/adela\/#breadcrumb","itemListElement":[{"@type":"ListItem","position":1,"name":"Portada","item":"https:\/\/dlpbabogados.com\/"},{"@type":"ListItem","position":2,"name":"Adela de la Pe\u00f1a Bethencourt"}]},{"@type":"WebSite","@id":"https:\/\/dlpbabogados.com\/#website","url":"https:\/\/dlpbabogados.com\/","name":"De la Pe\u00f1a &amp; Bethencourt","description":"Despacho de Abogados en Madrid","potentialAction":[{"@type":"SearchAction","target":{"@type":"EntryPoint","urlTemplate":"https:\/\/dlpbabogados.com\/?s={search_term_string}"},"query-input":"required name=search_term_string"}],"inLanguage":"en-GB"}]}},"_links":{"self":[{"href":"https:\/\/dlpbabogados.com\/en\/wp-json\/wp\/v2\/pages\/1084","targetHints":{"allow":["GET"]}}],"collection":[{"href":"https:\/\/dlpbabogados.com\/en\/wp-json\/wp\/v2\/pages"}],"about":[{"href":"https:\/\/dlpbabogados.com\/en\/wp-json\/wp\/v2\/types\/page"}],"author":[{"embeddable":true,"href":"https:\/\/dlpbabogados.com\/en\/wp-json\/wp\/v2\/users\/2"}],"replies":[{"embeddable":true,"href":"https:\/\/dlpbabogados.com\/en\/wp-json\/wp\/v2\/comments?post=1084"}],"version-history":[{"count":42,"href":"https:\/\/dlpbabogados.com\/en\/wp-json\/wp\/v2\/pages\/1084\/revisions"}],"predecessor-version":[{"id":2484,"href":"https:\/\/dlpbabogados.com\/en\/wp-json\/wp\/v2\/pages\/1084\/revisions\/2484"}],"wp:attachment":[{"href":"https:\/\/dlpbabogados.com\/en\/wp-json\/wp\/v2\/media?parent=1084"}],"curies":[{"name":"wp","href":"https:\/\/api.w.org\/{rel}","templated":true}]}}