{"id":22,"date":"2021-11-17T00:29:47","date_gmt":"2021-11-17T00:29:47","guid":{"rendered":"https:\/\/dlpbabogados.com\/?page_id=22"},"modified":"2022-09-13T15:30:50","modified_gmt":"2022-09-13T15:30:50","slug":"inicio","status":"publish","type":"page","link":"https:\/\/dlpbabogados.com\/en\/","title":{"rendered":"Inicio"},"content":{"rendered":"\t\t<div data-elementor-type=\"wp-page\" data-elementor-id=\"22\" class=\"elementor elementor-22\" data-elementor-post-type=\"page\">\n\t\t\t\t\t\t<section class=\"elementor-section elementor-top-section elementor-element elementor-element-e7c7ab9 elementor-section-boxed elementor-section-height-default elementor-section-height-default\" data-id=\"e7c7ab9\" data-element_type=\"section\">\n\t\t\t\t\t\t<div class=\"elementor-container elementor-column-gap-default\">\n\t\t\t\t\t<div class=\"elementor-column elementor-col-100 elementor-top-column elementor-element elementor-element-34a8957\" data-id=\"34a8957\" data-element_type=\"column\">\n\t\t\t<div class=\"elementor-widget-wrap elementor-element-populated\">\n\t\t\t\t\t\t<section class=\"elementor-section elementor-inner-section elementor-element elementor-element-21a0525 elementor-section-boxed elementor-section-height-default elementor-section-height-default\" data-id=\"21a0525\" data-element_type=\"section\">\n\t\t\t\t\t\t<div class=\"elementor-container elementor-column-gap-default\">\n\t\t\t\t\t<div class=\"elementor-column elementor-col-33 elementor-inner-column elementor-element elementor-element-ff4581f elementor-hidden-tablet\" data-id=\"ff4581f\" data-element_type=\"column\">\n\t\t\t<div class=\"elementor-widget-wrap\">\n\t\t\t\t\t\t\t<\/div>\n\t\t<\/div>\n\t\t\t\t<div class=\"elementor-column elementor-col-33 elementor-inner-column elementor-element elementor-element-372573d\" data-id=\"372573d\" data-element_type=\"column\">\n\t\t\t<div class=\"elementor-widget-wrap elementor-element-populated\">\n\t\t\t\t\t\t<div class=\"elementor-element elementor-element-68dd54e elementor-nav-menu__align-right elementor-nav-menu--stretch elementor-nav-menu--dropdown-tablet elementor-nav-menu__text-align-aside elementor-nav-menu--toggle elementor-nav-menu--burger elementor-widget elementor-widget-nav-menu\" data-id=\"68dd54e\" data-element_type=\"widget\" data-settings=\"{&quot;full_width&quot;:&quot;stretch&quot;,&quot;layout&quot;:&quot;horizontal&quot;,&quot;submenu_icon&quot;:{&quot;value&quot;:&quot;&lt;i class=\\&quot;fas fa-caret-down\\&quot;&gt;&lt;\\\/i&gt;&quot;,&quot;library&quot;:&quot;fa-solid&quot;},&quot;toggle&quot;:&quot;burger&quot;}\" data-widget_type=\"nav-menu.default\">\n\t\t\t\t<div class=\"elementor-widget-container\">\n\t\t\t<link rel=\"stylesheet\" href=\"https:\/\/dlpbabogados.com\/wp-content\/plugins\/elementor-pro\/assets\/css\/widget-nav-menu.min.css\">\t\t\t<nav class=\"elementor-nav-menu--main elementor-nav-menu__container elementor-nav-menu--layout-horizontal e--pointer-underline e--animation-fade\">\n\t\t\t\t<ul id=\"menu-1-68dd54e\" class=\"elementor-nav-menu\"><li class=\"menu-item menu-item-type-custom menu-item-object-custom menu-item-25\"><a href=\"\/despacho\/\" class=\"elementor-item\">El Despacho<\/a><\/li>\n<li class=\"menu-item menu-item-type-custom menu-item-object-custom menu-item-26\"><a href=\"\/mercantil\/\" class=\"elementor-item\">\u00c1reas de Pr\u00e1ctica<\/a><\/li>\n<li class=\"menu-item menu-item-type-custom menu-item-object-custom menu-item-27\"><a href=\"\/equipo\/\" class=\"elementor-item\">Equipo<\/a><\/li>\n<li class=\"menu-item menu-item-type-custom menu-item-object-custom menu-item-28\"><a href=\"\/contacto\/\" class=\"elementor-item\">Contacto<\/a><\/li>\n<\/ul>\t\t\t<\/nav>\n\t\t\t\t\t<div class=\"elementor-menu-toggle\" role=\"button\" tabindex=\"0\" aria-label=\"Menu Toggle\" aria-expanded=\"false\">\n\t\t\t<i aria-hidden=\"true\" role=\"presentation\" class=\"elementor-menu-toggle__icon--open eicon-menu-bar\"><\/i><i aria-hidden=\"true\" role=\"presentation\" class=\"elementor-menu-toggle__icon--close eicon-close\"><\/i>\t\t\t<span class=\"elementor-screen-only\">Menu<\/span>\n\t\t<\/div>\n\t\t\t\t\t<nav class=\"elementor-nav-menu--dropdown elementor-nav-menu__container\" aria-hidden=\"true\">\n\t\t\t\t<ul id=\"menu-2-68dd54e\" class=\"elementor-nav-menu\"><li class=\"menu-item menu-item-type-custom menu-item-object-custom menu-item-25\"><a href=\"\/despacho\/\" class=\"elementor-item\" tabindex=\"-1\">El Despacho<\/a><\/li>\n<li class=\"menu-item menu-item-type-custom menu-item-object-custom menu-item-26\"><a href=\"\/mercantil\/\" class=\"elementor-item\" tabindex=\"-1\">\u00c1reas de Pr\u00e1ctica<\/a><\/li>\n<li class=\"menu-item menu-item-type-custom menu-item-object-custom menu-item-27\"><a href=\"\/equipo\/\" class=\"elementor-item\" tabindex=\"-1\">Equipo<\/a><\/li>\n<li class=\"menu-item menu-item-type-custom menu-item-object-custom menu-item-28\"><a href=\"\/contacto\/\" class=\"elementor-item\" tabindex=\"-1\">Contacto<\/a><\/li>\n<\/ul>\t\t\t<\/nav>\n\t\t\t\t<\/div>\n\t\t\t\t<\/div>\n\t\t\t\t\t<\/div>\n\t\t<\/div>\n\t\t\t\t<div class=\"elementor-column elementor-col-33 elementor-inner-column elementor-element elementor-element-1d41925\" data-id=\"1d41925\" data-element_type=\"column\">\n\t\t\t<div class=\"elementor-widget-wrap elementor-element-populated\">\n\t\t\t\t\t\t<div class=\"elementor-element elementor-element-7e3fefd elementor-hidden-desktop elementor-hidden-tablet elementor-hidden-phone elementor-widget elementor-widget-text-editor\" data-id=\"7e3fefd\" data-element_type=\"widget\" data-widget_type=\"text-editor.default\">\n\t\t\t\t<div class=\"elementor-widget-container\">\n\t\t\t<style>\/*! elementor - v3.19.0 - 05-02-2024 *\/\n.elementor-widget-text-editor.elementor-drop-cap-view-stacked .elementor-drop-cap{background-color:#69727d;color:#fff}.elementor-widget-text-editor.elementor-drop-cap-view-framed .elementor-drop-cap{color:#69727d;border:3px solid;background-color:transparent}.elementor-widget-text-editor:not(.elementor-drop-cap-view-default) .elementor-drop-cap{margin-top:8px}.elementor-widget-text-editor:not(.elementor-drop-cap-view-default) .elementor-drop-cap-letter{width:1em;height:1em}.elementor-widget-text-editor .elementor-drop-cap{float:left;text-align:center;line-height:1;font-size:50px}.elementor-widget-text-editor .elementor-drop-cap-letter{display:inline-block}<\/style>\t\t\t\t<p><a href=\"\/es\/\">ES<\/a> \/ <a href=\"\/en\/\">EN<\/a><\/p>\t\t\t\t\t\t<\/div>\n\t\t\t\t<\/div>\n\t\t\t\t<div class=\"elementor-element elementor-element-5c2f459 elementor-nav-menu__align-justify elementor-nav-menu--dropdown-none elementor-widget elementor-widget-nav-menu\" data-id=\"5c2f459\" data-element_type=\"widget\" data-settings=\"{&quot;layout&quot;:&quot;horizontal&quot;,&quot;submenu_icon&quot;:{&quot;value&quot;:&quot;&lt;i class=\\&quot;fas fa-caret-down\\&quot;&gt;&lt;\\\/i&gt;&quot;,&quot;library&quot;:&quot;fa-solid&quot;}}\" data-widget_type=\"nav-menu.default\">\n\t\t\t\t<div class=\"elementor-widget-container\">\n\t\t\t\t\t\t<nav class=\"elementor-nav-menu--main elementor-nav-menu__container elementor-nav-menu--layout-horizontal e--pointer-underline e--animation-fade\">\n\t\t\t\t<ul id=\"menu-1-5c2f459\" class=\"elementor-nav-menu\"><li class=\"trp-language-switcher-container menu-item menu-item-type-post_type menu-item-object-language_switcher current-language-menu-item menu-item-2551\"><a href=\"https:\/\/dlpbabogados.com\/en\/wp-json\/wp\/v2\/pages\/22#TRPLINKPROCESSED\" class=\"elementor-item elementor-item-anchor\"><span data-no-translation><span class=\"trp-ls-language-name\">ES<\/span><\/span><\/a><\/li>\n<li class=\"trp-language-switcher-container menu-item menu-item-type-post_type menu-item-object-language_switcher current-language-menu-item menu-item-2550\"><a href=\"https:\/\/dlpbabogados.com\/en\/wp-json\/wp\/v2\/pages\/22#TRPLINKPROCESSED\" class=\"elementor-item elementor-item-anchor\"><span data-no-translation><span class=\"trp-ls-language-name\">EN<\/span><\/span><\/a><\/li>\n<\/ul>\t\t\t<\/nav>\n\t\t\t\t\t\t<nav class=\"elementor-nav-menu--dropdown elementor-nav-menu__container\" aria-hidden=\"true\">\n\t\t\t\t<ul id=\"menu-2-5c2f459\" class=\"elementor-nav-menu\"><li class=\"trp-language-switcher-container menu-item menu-item-type-post_type menu-item-object-language_switcher current-language-menu-item menu-item-2551\"><a href=\"https:\/\/dlpbabogados.com\/en\/wp-json\/wp\/v2\/pages\/22#TRPLINKPROCESSED\" class=\"elementor-item elementor-item-anchor\" tabindex=\"-1\"><span data-no-translation><span class=\"trp-ls-language-name\">ES<\/span><\/span><\/a><\/li>\n<li class=\"trp-language-switcher-container menu-item menu-item-type-post_type menu-item-object-language_switcher current-language-menu-item menu-item-2550\"><a href=\"https:\/\/dlpbabogados.com\/en\/wp-json\/wp\/v2\/pages\/22#TRPLINKPROCESSED\" class=\"elementor-item elementor-item-anchor\" tabindex=\"-1\"><span data-no-translation><span class=\"trp-ls-language-name\">EN<\/span><\/span><\/a><\/li>\n<\/ul>\t\t\t<\/nav>\n\t\t\t\t<\/div>\n\t\t\t\t<\/div>\n\t\t\t\t\t<\/div>\n\t\t<\/div>\n\t\t\t\t\t<\/div>\n\t\t<\/section>\n\t\t\t\t<div class=\"elementor-element elementor-element-122aff8 elementor-widget elementor-widget-image\" data-id=\"122aff8\" data-element_type=\"widget\" data-widget_type=\"image.default\">\n\t\t\t\t<div class=\"elementor-widget-container\">\n\t\t\t<style>\/*! elementor - v3.19.0 - 05-02-2024 *\/\n.elementor-widget-image{text-align:center}.elementor-widget-image a{display:inline-block}.elementor-widget-image a img[src$=\".svg\"]{width:48px}.elementor-widget-image img{vertical-align:middle;display:inline-block}<\/style>\t\t\t\t\t\t\t\t\t\t<img decoding=\"async\" width=\"1\" height=\"1\" src=\"https:\/\/dlpbabogados.com\/wp-content\/uploads\/2021\/12\/logo-color.svg\" class=\"attachment-large size-large wp-image-1155\" alt=\"\" \/>\t\t\t\t\t\t\t\t\t\t\t\t\t<\/div>\n\t\t\t\t<\/div>\n\t\t\t\t\t<\/div>\n\t\t<\/div>\n\t\t\t\t\t<\/div>\n\t\t<\/section>\n\t\t\t\t<\/div>\n\t\t","protected":false},"excerpt":{"rendered":"<p>ES \/ EN<\/p>","protected":false},"author":1,"featured_media":2215,"parent":0,"menu_order":0,"comment_status":"closed","ping_status":"closed","template":"elementor_canvas","meta":{"footnotes":""},"class_list":["post-22","page","type-page","status-publish","has-post-thumbnail","hentry","entry"],"yoast_head":"<!-- This site is optimized with the Yoast SEO plugin v22.0 - https:\/\/yoast.com\/wordpress\/plugins\/seo\/ -->\n<title>De la Pe\u00f1a &amp; Bethencourt | Despacho de Abogados en Madrid<\/title>\n<meta name=\"description\" content=\"De la Pe\u00f1a &amp; Bethencourt es una boutique espa\u00f1ola de servicios legales especializada en prestar asesoramiento mercantil, financiero, inmobiliario, procesal y fiscal a nuestros clientes nacionales y extranjeros, tanto a nivel dom\u00e9stico como transfronterizo.\" \/>\n<meta name=\"robots\" content=\"index, follow, max-snippet:-1, max-image-preview:large, max-video-preview:-1\" \/>\n<link rel=\"canonical\" href=\"https:\/\/dlpbabogados.com\/en\/\" \/>\n<meta property=\"og:locale\" content=\"en_GB\" \/>\n<meta property=\"og:type\" content=\"article\" \/>\n<meta property=\"og:title\" content=\"De la Pe\u00f1a &amp; Bethencourt | Despacho de Abogados en Madrid\" \/>\n<meta property=\"og:description\" content=\"De la Pe\u00f1a &amp; Bethencourt es una boutique espa\u00f1ola de servicios legales especializada en prestar asesoramiento mercantil, financiero, inmobiliario, procesal y fiscal a nuestros clientes nacionales y extranjeros, tanto a nivel dom\u00e9stico como transfronterizo.\" \/>\n<meta property=\"og:url\" content=\"https:\/\/dlpbabogados.com\/en\/\" \/>\n<meta property=\"og:site_name\" content=\"De la Pe\u00f1a &amp; Bethencourt\" \/>\n<meta property=\"article:modified_time\" content=\"2022-09-13T15:30:50+00:00\" \/>\n<meta property=\"og:image\" content=\"https:\/\/dlpbabogados.com\/wp-content\/uploads\/2022\/02\/Disen\u0303o-sin-ti\u0301tulo-3.png\" \/>\n\t<meta property=\"og:image:width\" content=\"225\" \/>\n\t<meta property=\"og:image:height\" content=\"225\" \/>\n\t<meta property=\"og:image:type\" content=\"image\/png\" \/>\n<meta name=\"twitter:card\" content=\"summary_large_image\" \/>\n<meta name=\"twitter:label1\" content=\"Estimated reading time\" \/>\n\t<meta name=\"twitter:data1\" content=\"1 minute\" \/>\n<script type=\"application\/ld+json\" class=\"yoast-schema-graph\">{\"@context\":\"https:\/\/schema.org\",\"@graph\":[{\"@type\":\"WebPage\",\"@id\":\"https:\/\/dlpbabogados.com\/\",\"url\":\"https:\/\/dlpbabogados.com\/\",\"name\":\"De la Pe\u00f1a &amp; Bethencourt | Despacho de Abogados en Madrid\",\"isPartOf\":{\"@id\":\"https:\/\/dlpbabogados.com\/#website\"},\"datePublished\":\"2021-11-17T00:29:47+00:00\",\"dateModified\":\"2022-09-13T15:30:50+00:00\",\"description\":\"De la Pe\u00f1a & Bethencourt es una boutique espa\u00f1ola de servicios legales especializada en prestar asesoramiento mercantil, financiero, inmobiliario, procesal y fiscal a nuestros clientes nacionales y extranjeros, tanto a nivel dom\u00e9stico como transfronterizo.\",\"breadcrumb\":{\"@id\":\"https:\/\/dlpbabogados.com\/#breadcrumb\"},\"inLanguage\":\"en-GB\",\"potentialAction\":[{\"@type\":\"ReadAction\",\"target\":[\"https:\/\/dlpbabogados.com\/\"]}]},{\"@type\":\"BreadcrumbList\",\"@id\":\"https:\/\/dlpbabogados.com\/#breadcrumb\",\"itemListElement\":[{\"@type\":\"ListItem\",\"position\":1,\"name\":\"Portada\",\"item\":\"https:\/\/dlpbabogados.com\/\"},{\"@type\":\"ListItem\",\"position\":2,\"name\":\"Inicio\"}]},{\"@type\":\"WebSite\",\"@id\":\"https:\/\/dlpbabogados.com\/#website\",\"url\":\"https:\/\/dlpbabogados.com\/\",\"name\":\"De la Pe\u00f1a &amp; Bethencourt\",\"description\":\"Despacho de Abogados en Madrid\",\"potentialAction\":[{\"@type\":\"SearchAction\",\"target\":{\"@type\":\"EntryPoint\",\"urlTemplate\":\"https:\/\/dlpbabogados.com\/?s={search_term_string}\"},\"query-input\":\"required name=search_term_string\"}],\"inLanguage\":\"en-GB\"}]}<\/script>\n<!-- \/ Yoast SEO plugin. -->","yoast_head_json":{"title":"De la Pe\u00f1a &amp; Bethencourt | Despacho de Abogados en Madrid","description":"De la Pe\u00f1a & Bethencourt es una boutique espa\u00f1ola de servicios legales especializada en prestar asesoramiento mercantil, financiero, inmobiliario, procesal y fiscal a nuestros clientes nacionales y extranjeros, tanto a nivel dom\u00e9stico como transfronterizo.","robots":{"index":"index","follow":"follow","max-snippet":"max-snippet:-1","max-image-preview":"max-image-preview:large","max-video-preview":"max-video-preview:-1"},"canonical":"https:\/\/dlpbabogados.com\/en\/","og_locale":"en_GB","og_type":"article","og_title":"De la Pe\u00f1a &amp; Bethencourt | Despacho de Abogados en Madrid","og_description":"De la Pe\u00f1a & Bethencourt es una boutique espa\u00f1ola de servicios legales especializada en prestar asesoramiento mercantil, financiero, inmobiliario, procesal y fiscal a nuestros clientes nacionales y extranjeros, tanto a nivel dom\u00e9stico como transfronterizo.","og_url":"https:\/\/dlpbabogados.com\/en\/","og_site_name":"De la Pe\u00f1a &amp; Bethencourt","article_modified_time":"2022-09-13T15:30:50+00:00","og_image":[{"width":225,"height":225,"url":"https:\/\/dlpbabogados.com\/wp-content\/uploads\/2022\/02\/Disen\u0303o-sin-ti\u0301tulo-3.png","type":"image\/png"}],"twitter_card":"summary_large_image","twitter_misc":{"Estimated reading time":"1 minute"},"schema":{"@context":"https:\/\/schema.org","@graph":[{"@type":"WebPage","@id":"https:\/\/dlpbabogados.com\/","url":"https:\/\/dlpbabogados.com\/","name":"De la Pe\u00f1a &amp; Bethencourt | Despacho de Abogados en Madrid","isPartOf":{"@id":"https:\/\/dlpbabogados.com\/#website"},"datePublished":"2021-11-17T00:29:47+00:00","dateModified":"2022-09-13T15:30:50+00:00","description":"De la Pe\u00f1a & Bethencourt es una boutique espa\u00f1ola de servicios legales especializada en prestar asesoramiento mercantil, financiero, inmobiliario, procesal y fiscal a nuestros clientes nacionales y extranjeros, tanto a nivel dom\u00e9stico como transfronterizo.","breadcrumb":{"@id":"https:\/\/dlpbabogados.com\/#breadcrumb"},"inLanguage":"en-GB","potentialAction":[{"@type":"ReadAction","target":["https:\/\/dlpbabogados.com\/"]}]},{"@type":"BreadcrumbList","@id":"https:\/\/dlpbabogados.com\/#breadcrumb","itemListElement":[{"@type":"ListItem","position":1,"name":"Portada","item":"https:\/\/dlpbabogados.com\/"},{"@type":"ListItem","position":2,"name":"Inicio"}]},{"@type":"WebSite","@id":"https:\/\/dlpbabogados.com\/#website","url":"https:\/\/dlpbabogados.com\/","name":"De la Pe\u00f1a &amp; Bethencourt","description":"Despacho de Abogados en Madrid","potentialAction":[{"@type":"SearchAction","target":{"@type":"EntryPoint","urlTemplate":"https:\/\/dlpbabogados.com\/?s={search_term_string}"},"query-input":"required name=search_term_string"}],"inLanguage":"en-GB"}]}},"_links":{"self":[{"href":"https:\/\/dlpbabogados.com\/en\/wp-json\/wp\/v2\/pages\/22","targetHints":{"allow":["GET"]}}],"collection":[{"href":"https:\/\/dlpbabogados.com\/en\/wp-json\/wp\/v2\/pages"}],"about":[{"href":"https:\/\/dlpbabogados.com\/en\/wp-json\/wp\/v2\/types\/page"}],"author":[{"embeddable":true,"href":"https:\/\/dlpbabogados.com\/en\/wp-json\/wp\/v2\/users\/1"}],"replies":[{"embeddable":true,"href":"https:\/\/dlpbabogados.com\/en\/wp-json\/wp\/v2\/comments?post=22"}],"version-history":[{"count":389,"href":"https:\/\/dlpbabogados.com\/en\/wp-json\/wp\/v2\/pages\/22\/revisions"}],"predecessor-version":[{"id":2696,"href":"https:\/\/dlpbabogados.com\/en\/wp-json\/wp\/v2\/pages\/22\/revisions\/2696"}],"wp:featuredmedia":[{"embeddable":true,"href":"https:\/\/dlpbabogados.com\/en\/wp-json\/wp\/v2\/media\/2215"}],"wp:attachment":[{"href":"https:\/\/dlpbabogados.com\/en\/wp-json\/wp\/v2\/media?parent=22"}],"curies":[{"name":"wp","href":"https:\/\/api.w.org\/{rel}","templated":true}]}}