{"id":924,"date":"2021-11-30T15:34:57","date_gmt":"2021-11-30T15:34:57","guid":{"rendered":"https:\/\/dlpbabogados.com\/?page_id=924"},"modified":"2022-03-30T11:14:39","modified_gmt":"2022-03-30T11:14:39","slug":"tributario","status":"publish","type":"page","link":"https:\/\/dlpbabogados.com\/en\/tributario\/","title":{"rendered":"Tax"},"content":{"rendered":"\t\t<div data-elementor-type=\"wp-page\" data-elementor-id=\"924\" class=\"elementor elementor-924\" data-elementor-post-type=\"page\">\n\t\t\t\t\t\t<section class=\"elementor-section elementor-top-section elementor-element elementor-element-950b312 elementor-hidden-tablet elementor-hidden-phone elementor-section-boxed elementor-section-height-default elementor-section-height-default\" data-id=\"950b312\" data-element_type=\"section\" data-settings=\"{&quot;background_background&quot;:&quot;classic&quot;,&quot;sticky&quot;:&quot;top&quot;,&quot;sticky_on&quot;:[&quot;desktop&quot;],&quot;sticky_offset&quot;:100,&quot;sticky_effects_offset&quot;:0}\">\n\t\t\t\t\t\t<div class=\"elementor-container elementor-column-gap-default\">\n\t\t\t\t\t<div class=\"elementor-column elementor-col-100 elementor-top-column elementor-element elementor-element-df3bc6d\" data-id=\"df3bc6d\" data-element_type=\"column\">\n\t\t\t<div class=\"elementor-widget-wrap elementor-element-populated\">\n\t\t\t\t\t\t<div class=\"elementor-element elementor-element-3542f8f elementor-nav-menu__align-justify elementor-nav-menu--stretch elementor-nav-menu--dropdown-tablet elementor-nav-menu__text-align-aside elementor-nav-menu--toggle elementor-nav-menu--burger elementor-widget elementor-widget-nav-menu\" data-id=\"3542f8f\" data-element_type=\"widget\" data-settings=\"{&quot;full_width&quot;:&quot;stretch&quot;,&quot;layout&quot;:&quot;horizontal&quot;,&quot;submenu_icon&quot;:{&quot;value&quot;:&quot;&lt;i class=\\&quot;fas fa-caret-down\\&quot;&gt;&lt;\\\/i&gt;&quot;,&quot;library&quot;:&quot;fa-solid&quot;},&quot;toggle&quot;:&quot;burger&quot;}\" data-widget_type=\"nav-menu.default\">\n\t\t\t\t<div class=\"elementor-widget-container\">\n\t\t\t<link rel=\"stylesheet\" href=\"https:\/\/dlpbabogados.com\/wp-content\/plugins\/elementor-pro\/assets\/css\/widget-nav-menu.min.css\">\t\t\t<nav class=\"elementor-nav-menu--main elementor-nav-menu__container elementor-nav-menu--layout-horizontal e--pointer-underline e--animation-fade\">\n\t\t\t\t<ul id=\"menu-1-3542f8f\" class=\"elementor-nav-menu\"><li class=\"menu-item menu-item-type-custom menu-item-object-custom menu-item-472\"><a href=\"\/mercantil\/\" class=\"elementor-item\">Mercantil<\/a><\/li>\n<li class=\"menu-item menu-item-type-custom menu-item-object-custom menu-item-473\"><a href=\"\/financiero\/\" class=\"elementor-item\">Financiero<\/a><\/li>\n<li class=\"menu-item menu-item-type-custom menu-item-object-custom menu-item-474\"><a href=\"\/inmobiliario\/\" class=\"elementor-item\">Inmobiliario<\/a><\/li>\n<li class=\"menu-item menu-item-type-custom menu-item-object-custom menu-item-475\"><a href=\"\/tributario\/\" class=\"elementor-item\">Tributario<\/a><\/li>\n<li class=\"menu-item menu-item-type-custom menu-item-object-custom menu-item-476\"><a href=\"\/procesal\/\" class=\"elementor-item\">Procesal<\/a><\/li>\n<\/ul>\t\t\t<\/nav>\n\t\t\t\t\t<div class=\"elementor-menu-toggle\" role=\"button\" tabindex=\"0\" aria-label=\"Menu Toggle\" aria-expanded=\"false\">\n\t\t\t<i aria-hidden=\"true\" role=\"presentation\" class=\"elementor-menu-toggle__icon--open eicon-menu-bar\"><\/i><i aria-hidden=\"true\" role=\"presentation\" class=\"elementor-menu-toggle__icon--close eicon-close\"><\/i>\t\t\t<span class=\"elementor-screen-only\">Menu<\/span>\n\t\t<\/div>\n\t\t\t\t\t<nav class=\"elementor-nav-menu--dropdown elementor-nav-menu__container\" aria-hidden=\"true\">\n\t\t\t\t<ul id=\"menu-2-3542f8f\" class=\"elementor-nav-menu\"><li class=\"menu-item menu-item-type-custom menu-item-object-custom menu-item-472\"><a href=\"\/mercantil\/\" class=\"elementor-item\" tabindex=\"-1\">Mercantil<\/a><\/li>\n<li class=\"menu-item menu-item-type-custom menu-item-object-custom menu-item-473\"><a href=\"\/financiero\/\" class=\"elementor-item\" tabindex=\"-1\">Financiero<\/a><\/li>\n<li class=\"menu-item menu-item-type-custom menu-item-object-custom menu-item-474\"><a href=\"\/inmobiliario\/\" class=\"elementor-item\" tabindex=\"-1\">Inmobiliario<\/a><\/li>\n<li class=\"menu-item menu-item-type-custom menu-item-object-custom menu-item-475\"><a href=\"\/tributario\/\" class=\"elementor-item\" tabindex=\"-1\">Tributario<\/a><\/li>\n<li class=\"menu-item menu-item-type-custom menu-item-object-custom menu-item-476\"><a href=\"\/procesal\/\" class=\"elementor-item\" tabindex=\"-1\">Procesal<\/a><\/li>\n<\/ul>\t\t\t<\/nav>\n\t\t\t\t<\/div>\n\t\t\t\t<\/div>\n\t\t\t\t\t<\/div>\n\t\t<\/div>\n\t\t\t\t\t<\/div>\n\t\t<\/section>\n\t\t\t\t<section class=\"elementor-section elementor-top-section elementor-element elementor-element-579ace2 elementor-hidden-desktop elementor-section-boxed elementor-section-height-default elementor-section-height-default\" data-id=\"579ace2\" data-element_type=\"section\" data-settings=\"{&quot;background_background&quot;:&quot;classic&quot;,&quot;sticky&quot;:&quot;top&quot;,&quot;sticky_on&quot;:[&quot;tablet&quot;,&quot;mobile&quot;],&quot;sticky_offset&quot;:100,&quot;sticky_effects_offset&quot;:0}\">\n\t\t\t\t\t\t<div class=\"elementor-container elementor-column-gap-default\">\n\t\t\t\t\t<div class=\"elementor-column elementor-col-50 elementor-top-column elementor-element elementor-element-218ba94\" data-id=\"218ba94\" data-element_type=\"column\">\n\t\t\t<div class=\"elementor-widget-wrap elementor-element-populated\">\n\t\t\t\t\t\t<div class=\"elementor-element elementor-element-030984e elementor-nav-menu__align-right elementor-nav-menu--stretch elementor-nav-menu--dropdown-tablet elementor-nav-menu__text-align-aside elementor-nav-menu--toggle elementor-nav-menu--burger elementor-widget elementor-widget-nav-menu\" data-id=\"030984e\" data-element_type=\"widget\" data-settings=\"{&quot;full_width&quot;:&quot;stretch&quot;,&quot;layout&quot;:&quot;horizontal&quot;,&quot;submenu_icon&quot;:{&quot;value&quot;:&quot;&lt;i class=\\&quot;fas fa-caret-down\\&quot;&gt;&lt;\\\/i&gt;&quot;,&quot;library&quot;:&quot;fa-solid&quot;},&quot;toggle&quot;:&quot;burger&quot;}\" data-widget_type=\"nav-menu.default\">\n\t\t\t\t<div class=\"elementor-widget-container\">\n\t\t\t\t\t\t<nav class=\"elementor-nav-menu--main elementor-nav-menu__container elementor-nav-menu--layout-horizontal e--pointer-underline e--animation-fade\">\n\t\t\t\t<ul id=\"menu-1-030984e\" class=\"elementor-nav-menu\"><li class=\"menu-item menu-item-type-custom menu-item-object-custom menu-item-472\"><a href=\"\/mercantil\/\" class=\"elementor-item\">Mercantil<\/a><\/li>\n<li class=\"menu-item menu-item-type-custom menu-item-object-custom menu-item-473\"><a href=\"\/financiero\/\" class=\"elementor-item\">Financiero<\/a><\/li>\n<li class=\"menu-item menu-item-type-custom menu-item-object-custom menu-item-474\"><a href=\"\/inmobiliario\/\" class=\"elementor-item\">Inmobiliario<\/a><\/li>\n<li class=\"menu-item menu-item-type-custom menu-item-object-custom menu-item-475\"><a href=\"\/tributario\/\" class=\"elementor-item\">Tributario<\/a><\/li>\n<li class=\"menu-item menu-item-type-custom menu-item-object-custom menu-item-476\"><a href=\"\/procesal\/\" class=\"elementor-item\">Procesal<\/a><\/li>\n<\/ul>\t\t\t<\/nav>\n\t\t\t\t\t<div class=\"elementor-menu-toggle\" role=\"button\" tabindex=\"0\" aria-label=\"Menu Toggle\" aria-expanded=\"false\">\n\t\t\t<i aria-hidden=\"true\" role=\"presentation\" class=\"elementor-menu-toggle__icon--open eicon-menu-bar\"><\/i><i aria-hidden=\"true\" role=\"presentation\" class=\"elementor-menu-toggle__icon--close eicon-close\"><\/i>\t\t\t<span class=\"elementor-screen-only\">Menu<\/span>\n\t\t<\/div>\n\t\t\t\t\t<nav class=\"elementor-nav-menu--dropdown elementor-nav-menu__container\" aria-hidden=\"true\">\n\t\t\t\t<ul id=\"menu-2-030984e\" class=\"elementor-nav-menu\"><li class=\"menu-item menu-item-type-custom menu-item-object-custom menu-item-472\"><a href=\"\/mercantil\/\" class=\"elementor-item\" tabindex=\"-1\">Mercantil<\/a><\/li>\n<li class=\"menu-item menu-item-type-custom menu-item-object-custom menu-item-473\"><a href=\"\/financiero\/\" class=\"elementor-item\" tabindex=\"-1\">Financiero<\/a><\/li>\n<li class=\"menu-item menu-item-type-custom menu-item-object-custom menu-item-474\"><a href=\"\/inmobiliario\/\" class=\"elementor-item\" tabindex=\"-1\">Inmobiliario<\/a><\/li>\n<li class=\"menu-item menu-item-type-custom menu-item-object-custom menu-item-475\"><a href=\"\/tributario\/\" class=\"elementor-item\" tabindex=\"-1\">Tributario<\/a><\/li>\n<li class=\"menu-item menu-item-type-custom menu-item-object-custom menu-item-476\"><a href=\"\/procesal\/\" class=\"elementor-item\" tabindex=\"-1\">Procesal<\/a><\/li>\n<\/ul>\t\t\t<\/nav>\n\t\t\t\t<\/div>\n\t\t\t\t<\/div>\n\t\t\t\t\t<\/div>\n\t\t<\/div>\n\t\t\t\t<div class=\"elementor-column elementor-col-50 elementor-top-column elementor-element elementor-element-72cbf4a\" data-id=\"72cbf4a\" data-element_type=\"column\">\n\t\t\t<div class=\"elementor-widget-wrap elementor-element-populated\">\n\t\t\t\t\t\t<div class=\"elementor-element elementor-element-e1a20b2 elementor-widget elementor-widget-heading\" data-id=\"e1a20b2\" data-element_type=\"widget\" data-widget_type=\"heading.default\">\n\t\t\t\t<div class=\"elementor-widget-container\">\n\t\t\t<style>\/*! elementor - v3.19.0 - 05-02-2024 *\/\n.elementor-heading-title{padding:0;margin:0;line-height:1}.elementor-widget-heading .elementor-heading-title[class*=elementor-size-]>a{color:inherit;font-size:inherit;line-height:inherit}.elementor-widget-heading .elementor-heading-title.elementor-size-small{font-size:15px}.elementor-widget-heading .elementor-heading-title.elementor-size-medium{font-size:19px}.elementor-widget-heading .elementor-heading-title.elementor-size-large{font-size:29px}.elementor-widget-heading .elementor-heading-title.elementor-size-xl{font-size:39px}.elementor-widget-heading .elementor-heading-title.elementor-size-xxl{font-size:59px}<\/style><h2 class=\"elementor-heading-title elementor-size-default\">\u00c1reas de Pr\u00e1ctica<\/h2>\t\t<\/div>\n\t\t\t\t<\/div>\n\t\t\t\t\t<\/div>\n\t\t<\/div>\n\t\t\t\t\t<\/div>\n\t\t<\/section>\n\t\t\t\t<section class=\"elementor-section elementor-top-section elementor-element elementor-element-ad4ad50 elementor-section-boxed elementor-section-height-default elementor-section-height-default\" data-id=\"ad4ad50\" data-element_type=\"section\">\n\t\t\t\t\t\t<div class=\"elementor-container elementor-column-gap-default\">\n\t\t\t\t\t<div class=\"elementor-column elementor-col-100 elementor-top-column elementor-element elementor-element-5c1742c\" data-id=\"5c1742c\" data-element_type=\"column\">\n\t\t\t<div class=\"elementor-widget-wrap elementor-element-populated\">\n\t\t\t\t\t\t<div class=\"elementor-element elementor-element-8c9c4af elementor-widget elementor-widget-heading\" data-id=\"8c9c4af\" data-element_type=\"widget\" data-widget_type=\"heading.default\">\n\t\t\t\t<div class=\"elementor-widget-container\">\n\t\t\t<h2 class=\"elementor-heading-title elementor-size-default\">Tributario<\/h2>\t\t<\/div>\n\t\t\t\t<\/div>\n\t\t\t\t<div class=\"elementor-element elementor-element-3f920dd elementor-widget elementor-widget-text-editor\" data-id=\"3f920dd\" data-element_type=\"widget\" data-widget_type=\"text-editor.default\">\n\t\t\t\t<div class=\"elementor-widget-container\">\n\t\t\t<style>\/*! elementor - v3.19.0 - 05-02-2024 *\/\n.elementor-widget-text-editor.elementor-drop-cap-view-stacked .elementor-drop-cap{background-color:#69727d;color:#fff}.elementor-widget-text-editor.elementor-drop-cap-view-framed .elementor-drop-cap{color:#69727d;border:3px solid;background-color:transparent}.elementor-widget-text-editor:not(.elementor-drop-cap-view-default) .elementor-drop-cap{margin-top:8px}.elementor-widget-text-editor:not(.elementor-drop-cap-view-default) .elementor-drop-cap-letter{width:1em;height:1em}.elementor-widget-text-editor .elementor-drop-cap{float:left;text-align:center;line-height:1;font-size:50px}.elementor-widget-text-editor .elementor-drop-cap-letter{display:inline-block}<\/style>\t\t\t\t<p>El Departamento de Derecho Tributario asesora tanto a clientes nacionales como internacionales y, entre otros, el departamento fiscal presta los siguientes servicios:<br \/><br \/><\/p><ul><li>Asesoramiento Fiscal recurrente:<ul><li><p class=\"p1\">Consultor\u00eda y asesoramiento fiscal integral recurrente relativo a impuestos municipales, auton\u00f3micos y estatales.<\/p><\/li><li><p class=\"p1\">Planificaci\u00f3n fiscal de persona f\u00edsicas y jur\u00eddicas en imposici\u00f3n directa e indirecta.<\/p><\/li><li>Asistencia y defensa en actuaciones de gesti\u00f3n, inspecci\u00f3n y recaudaci\u00f3n ante las distintas Administraciones Tributarias.<\/li><\/ul><\/li><\/ul><p>\u00a0<\/p><ul><li>Asesoramiento tributario continuado a sociedades y grupos de sociedades, tanto nacionales, como internacionales con intereses en Espa\u00f1a, entre otros:<ul><li>Asesoramiento fiscal en imposici\u00f3n directa e indirecta.<\/li><li>Consolidaci\u00f3n fiscal.<\/li><li>Reestructuraciones internas en grupos de sociedades.<\/li><li>Control de cierres fiscales y optimizaci\u00f3n fiscal.<\/li><li>Informes y asesoramiento sobre implicaciones del Impuesto sobre Sociedades.<\/li><li>Asesoramiento fiscal en tributaci\u00f3n inmobiliaria (tributaci\u00f3n directa e indirecta).<\/li><\/ul><\/li><\/ul><p>\u00a0<\/p><ul><li>Asesoramiento tributario en el \u00e1mbito de los grandes patrimonios, clientes Wealth y Family Office a nivel de imposici\u00f3n personal.<\/li><\/ul><p>\u00a0<\/p><ul><li>Asesoramiento Fiscal Especializado:<ul><li>Asesoramiento y Planificaci\u00f3n de reestructuraciones empresariales.<\/li><li>Asesoramiento en cuestiones relativas al Impuesto sobre la Renta de no Residentes o a los Convenios de Doble Imposici\u00f3n.<\/li><li>Asesoramiento y Planificaci\u00f3n de la sucesi\u00f3n desde un punto de vista jur\u00eddico-tributario.<\/li><\/ul><\/li><\/ul>\t\t\t\t\t\t<\/div>\n\t\t\t\t<\/div>\n\t\t\t\t<div class=\"elementor-element elementor-element-47e11d7 elementor-widget elementor-widget-spacer\" data-id=\"47e11d7\" data-element_type=\"widget\" data-widget_type=\"spacer.default\">\n\t\t\t\t<div class=\"elementor-widget-container\">\n\t\t\t<style>\/*! elementor - v3.19.0 - 05-02-2024 *\/\n.elementor-column .elementor-spacer-inner{height:var(--spacer-size)}.e-con{--container-widget-width:100%}.e-con-inner>.elementor-widget-spacer,.e-con>.elementor-widget-spacer{width:var(--container-widget-width,var(--spacer-size));--align-self:var(--container-widget-align-self,initial);--flex-shrink:0}.e-con-inner>.elementor-widget-spacer>.elementor-widget-container,.e-con>.elementor-widget-spacer>.elementor-widget-container{height:100%;width:100%}.e-con-inner>.elementor-widget-spacer>.elementor-widget-container>.elementor-spacer,.e-con>.elementor-widget-spacer>.elementor-widget-container>.elementor-spacer{height:100%}.e-con-inner>.elementor-widget-spacer>.elementor-widget-container>.elementor-spacer>.elementor-spacer-inner,.e-con>.elementor-widget-spacer>.elementor-widget-container>.elementor-spacer>.elementor-spacer-inner{height:var(--container-widget-height,var(--spacer-size))}.e-con-inner>.elementor-widget-spacer.elementor-widget-empty,.e-con>.elementor-widget-spacer.elementor-widget-empty{position:relative;min-height:22px;min-width:22px}.e-con-inner>.elementor-widget-spacer.elementor-widget-empty .elementor-widget-empty-icon,.e-con>.elementor-widget-spacer.elementor-widget-empty .elementor-widget-empty-icon{position:absolute;top:0;bottom:0;left:0;right:0;margin:auto;padding:0;width:22px;height:22px}<\/style>\t\t<div class=\"elementor-spacer\">\n\t\t\t<div class=\"elementor-spacer-inner\"><\/div>\n\t\t<\/div>\n\t\t\t\t<\/div>\n\t\t\t\t<\/div>\n\t\t\t\t\t<\/div>\n\t\t<\/div>\n\t\t\t\t\t<\/div>\n\t\t<\/section>\n\t\t\t\t<section class=\"elementor-section elementor-top-section elementor-element elementor-element-25f7529 elementor-section-boxed elementor-section-height-default elementor-section-height-default\" data-id=\"25f7529\" data-element_type=\"section\" data-settings=\"{&quot;background_background&quot;:&quot;classic&quot;}\">\n\t\t\t\t\t\t<div class=\"elementor-container elementor-column-gap-default\">\n\t\t\t\t\t<div class=\"elementor-column elementor-col-50 elementor-top-column elementor-element elementor-element-adf28ec\" data-id=\"adf28ec\" data-element_type=\"column\">\n\t\t\t<div class=\"elementor-widget-wrap\">\n\t\t\t\t\t\t\t<\/div>\n\t\t<\/div>\n\t\t\t\t<div class=\"elementor-column elementor-col-50 elementor-top-column elementor-element elementor-element-37749f7\" data-id=\"37749f7\" data-element_type=\"column\">\n\t\t\t<div class=\"elementor-widget-wrap elementor-element-populated\">\n\t\t\t\t\t\t<div class=\"elementor-element elementor-element-f1e2bed elementor-widget elementor-widget-text-editor\" data-id=\"f1e2bed\" data-element_type=\"widget\" data-widget_type=\"text-editor.default\">\n\t\t\t\t<div class=\"elementor-widget-container\">\n\t\t\t\t\t\t\t<p style=\"text-align: right;\"><strong>Abogada de Contacto<\/strong><\/p>\t\t\t\t\t\t<\/div>\n\t\t\t\t<\/div>\n\t\t\t\t<div class=\"elementor-element elementor-element-3be087f elementor-widget elementor-widget-text-editor\" data-id=\"3be087f\" data-element_type=\"widget\" data-widget_type=\"text-editor.default\">\n\t\t\t\t<div class=\"elementor-widget-container\">\n\t\t\t\t\t\t\t<p style=\"text-align: right;\">Adela de la Pe\u00f1a<\/p>\t\t\t\t\t\t<\/div>\n\t\t\t\t<\/div>\n\t\t\t\t<div class=\"elementor-element elementor-element-5ea4a32 elementor-widget elementor-widget-text-editor\" data-id=\"5ea4a32\" data-element_type=\"widget\" data-widget_type=\"text-editor.default\">\n\t\t\t\t<div class=\"elementor-widget-container\">\n\t\t\t\t\t\t\t<p style=\"text-align: right;\"><span style=\"font-weight: 400;\">Socia Co-Directora<\/span><\/p>\t\t\t\t\t\t<\/div>\n\t\t\t\t<\/div>\n\t\t\t\t<div class=\"elementor-element elementor-element-b30c21a elementor-align-justify elementor-tablet-align-justify elementor-widget elementor-widget-button\" data-id=\"b30c21a\" data-element_type=\"widget\" data-widget_type=\"button.default\">\n\t\t\t\t<div class=\"elementor-widget-container\">\n\t\t\t\t\t<div class=\"elementor-button-wrapper\">\n\t\t\t<a class=\"elementor-button elementor-button-link elementor-size-sm\" href=\"mailto:adela.delapena@dlpbabogados.com\">\n\t\t\t\t\t\t<span class=\"elementor-button-content-wrapper\">\n\t\t\t\t\t\t<span class=\"elementor-button-text\">Contactar<\/span>\n\t\t<\/span>\n\t\t\t\t\t<\/a>\n\t\t<\/div>\n\t\t\t\t<\/div>\n\t\t\t\t<\/div>\n\t\t\t\t\t<\/div>\n\t\t<\/div>\n\t\t\t\t\t<\/div>\n\t\t<\/section>\n\t\t\t\t<\/div>\n\t\t","protected":false},"excerpt":{"rendered":"<p>\u00c1reas de Pr\u00e1ctica Tributario El Departamento de Derecho Tributario asesora tanto a clientes nacionales como internacionales y, entre otros, el departamento fiscal presta los siguientes servicios: Asesoramiento Fiscal recurrente: Consultor\u00eda y asesoramiento fiscal integral recurrente relativo a impuestos municipales, auton\u00f3micos y estatales. Planificaci\u00f3n fiscal de persona f\u00edsicas y jur\u00eddicas en imposici\u00f3n directa e indirecta. Asistencia&hellip; <a class=\"more-link\" href=\"https:\/\/dlpbabogados.com\/en\/tributario\/\">Continue reading <span class=\"screen-reader-text\">Tax<\/span><\/a><\/p>","protected":false},"author":2,"featured_media":2215,"parent":0,"menu_order":0,"comment_status":"closed","ping_status":"closed","template":"elementor_header_footer","meta":{"footnotes":""},"class_list":["post-924","page","type-page","status-publish","has-post-thumbnail","hentry","entry"],"yoast_head":"<!-- This site is optimized with the Yoast SEO plugin v22.0 - https:\/\/yoast.com\/wordpress\/plugins\/seo\/ -->\n<title>Tributario - De la Pe\u00f1a &amp; Bethencourt<\/title>\n<meta name=\"description\" content=\"El Departamento de Derecho Tributario asesora tanto a clientes nacionales como internacionales y, entre otros, el departamento fiscal presta los siguientes servicios:\" \/>\n<meta name=\"robots\" content=\"index, follow, max-snippet:-1, max-image-preview:large, max-video-preview:-1\" \/>\n<link rel=\"canonical\" href=\"https:\/\/dlpbabogados.com\/en\/tributario\/\" \/>\n<meta property=\"og:locale\" content=\"en_GB\" \/>\n<meta property=\"og:type\" content=\"article\" \/>\n<meta property=\"og:title\" content=\"Tributario - De la Pe\u00f1a &amp; Bethencourt\" \/>\n<meta property=\"og:description\" content=\"El Departamento de Derecho Tributario asesora tanto a clientes nacionales como internacionales y, entre otros, el departamento fiscal presta los siguientes servicios:\" \/>\n<meta property=\"og:url\" content=\"https:\/\/dlpbabogados.com\/en\/tributario\/\" \/>\n<meta property=\"og:site_name\" content=\"De la Pe\u00f1a &amp; Bethencourt\" \/>\n<meta property=\"article:modified_time\" content=\"2022-03-30T11:14:39+00:00\" \/>\n<meta property=\"og:image\" content=\"https:\/\/dlpbabogados.com\/wp-content\/uploads\/2022\/02\/Disen\u0303o-sin-ti\u0301tulo-3.png\" \/>\n\t<meta property=\"og:image:width\" content=\"225\" \/>\n\t<meta property=\"og:image:height\" content=\"225\" \/>\n\t<meta property=\"og:image:type\" content=\"image\/png\" \/>\n<meta name=\"twitter:card\" content=\"summary_large_image\" \/>\n<meta name=\"twitter:label1\" content=\"Estimated reading time\" \/>\n\t<meta name=\"twitter:data1\" content=\"2 minutes\" \/>\n<script type=\"application\/ld+json\" class=\"yoast-schema-graph\">{\"@context\":\"https:\/\/schema.org\",\"@graph\":[{\"@type\":\"WebPage\",\"@id\":\"https:\/\/dlpbabogados.com\/tributario\/\",\"url\":\"https:\/\/dlpbabogados.com\/tributario\/\",\"name\":\"Tributario - De la Pe\u00f1a &amp; Bethencourt\",\"isPartOf\":{\"@id\":\"https:\/\/dlpbabogados.com\/#website\"},\"datePublished\":\"2021-11-30T15:34:57+00:00\",\"dateModified\":\"2022-03-30T11:14:39+00:00\",\"description\":\"El Departamento de Derecho Tributario asesora tanto a clientes nacionales como internacionales y, entre otros, el departamento fiscal presta los siguientes servicios:\",\"breadcrumb\":{\"@id\":\"https:\/\/dlpbabogados.com\/tributario\/#breadcrumb\"},\"inLanguage\":\"en-GB\",\"potentialAction\":[{\"@type\":\"ReadAction\",\"target\":[\"https:\/\/dlpbabogados.com\/tributario\/\"]}]},{\"@type\":\"BreadcrumbList\",\"@id\":\"https:\/\/dlpbabogados.com\/tributario\/#breadcrumb\",\"itemListElement\":[{\"@type\":\"ListItem\",\"position\":1,\"name\":\"Portada\",\"item\":\"https:\/\/dlpbabogados.com\/\"},{\"@type\":\"ListItem\",\"position\":2,\"name\":\"Tributario\"}]},{\"@type\":\"WebSite\",\"@id\":\"https:\/\/dlpbabogados.com\/#website\",\"url\":\"https:\/\/dlpbabogados.com\/\",\"name\":\"De la Pe\u00f1a &amp; Bethencourt\",\"description\":\"Despacho de Abogados en Madrid\",\"potentialAction\":[{\"@type\":\"SearchAction\",\"target\":{\"@type\":\"EntryPoint\",\"urlTemplate\":\"https:\/\/dlpbabogados.com\/?s={search_term_string}\"},\"query-input\":\"required name=search_term_string\"}],\"inLanguage\":\"en-GB\"}]}<\/script>\n<!-- \/ Yoast SEO plugin. -->","yoast_head_json":{"title":"Tributario - De la Pe\u00f1a &amp; Bethencourt","description":"The Tax Department advises both national and international clients and, among others, provide the following services:","robots":{"index":"index","follow":"follow","max-snippet":"max-snippet:-1","max-image-preview":"max-image-preview:large","max-video-preview":"max-video-preview:-1"},"canonical":"https:\/\/dlpbabogados.com\/en\/tributario\/","og_locale":"en_GB","og_type":"article","og_title":"Tributario - De la Pe\u00f1a &amp; Bethencourt","og_description":"El Departamento de Derecho Tributario asesora tanto a clientes nacionales como internacionales y, entre otros, el departamento fiscal presta los siguientes servicios:","og_url":"https:\/\/dlpbabogados.com\/en\/tributario\/","og_site_name":"De la Pe\u00f1a &amp; Bethencourt","article_modified_time":"2022-03-30T11:14:39+00:00","og_image":[{"width":225,"height":225,"url":"https:\/\/dlpbabogados.com\/wp-content\/uploads\/2022\/02\/Disen\u0303o-sin-ti\u0301tulo-3.png","type":"image\/png"}],"twitter_card":"summary_large_image","twitter_misc":{"Estimated reading time":"2 minutes"},"schema":{"@context":"https:\/\/schema.org","@graph":[{"@type":"WebPage","@id":"https:\/\/dlpbabogados.com\/tributario\/","url":"https:\/\/dlpbabogados.com\/tributario\/","name":"Tributario - De la Pe\u00f1a &amp; Bethencourt","isPartOf":{"@id":"https:\/\/dlpbabogados.com\/#website"},"datePublished":"2021-11-30T15:34:57+00:00","dateModified":"2022-03-30T11:14:39+00:00","description":"The Tax Department advises both national and international clients and, among others, provide the following services:","breadcrumb":{"@id":"https:\/\/dlpbabogados.com\/tributario\/#breadcrumb"},"inLanguage":"en-GB","potentialAction":[{"@type":"ReadAction","target":["https:\/\/dlpbabogados.com\/tributario\/"]}]},{"@type":"BreadcrumbList","@id":"https:\/\/dlpbabogados.com\/tributario\/#breadcrumb","itemListElement":[{"@type":"ListItem","position":1,"name":"Portada","item":"https:\/\/dlpbabogados.com\/"},{"@type":"ListItem","position":2,"name":"Tributario"}]},{"@type":"WebSite","@id":"https:\/\/dlpbabogados.com\/#website","url":"https:\/\/dlpbabogados.com\/","name":"De la Pe\u00f1a &amp; Bethencourt","description":"Despacho de Abogados en Madrid","potentialAction":[{"@type":"SearchAction","target":{"@type":"EntryPoint","urlTemplate":"https:\/\/dlpbabogados.com\/?s={search_term_string}"},"query-input":"required name=search_term_string"}],"inLanguage":"en-GB"}]}},"_links":{"self":[{"href":"https:\/\/dlpbabogados.com\/en\/wp-json\/wp\/v2\/pages\/924","targetHints":{"allow":["GET"]}}],"collection":[{"href":"https:\/\/dlpbabogados.com\/en\/wp-json\/wp\/v2\/pages"}],"about":[{"href":"https:\/\/dlpbabogados.com\/en\/wp-json\/wp\/v2\/types\/page"}],"author":[{"embeddable":true,"href":"https:\/\/dlpbabogados.com\/en\/wp-json\/wp\/v2\/users\/2"}],"replies":[{"embeddable":true,"href":"https:\/\/dlpbabogados.com\/en\/wp-json\/wp\/v2\/comments?post=924"}],"version-history":[{"count":57,"href":"https:\/\/dlpbabogados.com\/en\/wp-json\/wp\/v2\/pages\/924\/revisions"}],"predecessor-version":[{"id":2481,"href":"https:\/\/dlpbabogados.com\/en\/wp-json\/wp\/v2\/pages\/924\/revisions\/2481"}],"wp:featuredmedia":[{"embeddable":true,"href":"https:\/\/dlpbabogados.com\/en\/wp-json\/wp\/v2\/media\/2215"}],"wp:attachment":[{"href":"https:\/\/dlpbabogados.com\/en\/wp-json\/wp\/v2\/media?parent=924"}],"curies":[{"name":"wp","href":"https:\/\/api.w.org\/{rel}","templated":true}]}}